{"id":2,"date":"2024-10-17T14:27:25","date_gmt":"2024-10-17T14:27:25","guid":{"rendered":"https:\/\/clamasa.com.pe\/?page_id=2"},"modified":"2025-02-11T17:30:57","modified_gmt":"2025-02-11T17:30:57","slug":"sample-page","status":"publish","type":"page","link":"https:\/\/clamasa.com.pe\/en\/","title":{"rendered":"Home"},"content":{"rendered":"<div class=\"gb-container gb-container-8986334d alignwide\">\n<div class=\"gb-container gb-container-0a77474d ticss-3e916631 alignwide\">\n<div class=\"gb-container gb-container-0e282a3a ticss-affb5cbb\">\n\n<figure class=\"gb-block-image gb-block-image-56227279\"><img loading=\"lazy\" decoding=\"async\" width=\"1440\" height=\"800\" class=\"gb-image gb-image-56227279 ticss-99562272 zoom-In-fade\" src=\"https:\/\/clamasa.com.pe\/wp-content\/uploads\/2024\/11\/Rectangle-5366.png\" alt=\"\" title=\"Rectangle 5366\"\/><\/figure>\n\n\n\n<figure class=\"gb-block-image gb-block-image-96424bce\"><img loading=\"lazy\" decoding=\"async\" width=\"448\" height=\"765\" class=\"gb-image gb-image-96424bce ticss-ea96424b zoom-In-fade\" src=\"https:\/\/clamasa.com.pe\/wp-content\/uploads\/2024\/12\/Rectangle-5387.png\" alt=\"\" title=\"Rectangle 5387\" srcset=\"https:\/\/clamasa.com.pe\/wp-content\/uploads\/2024\/12\/Rectangle-5387.png 448w, https:\/\/clamasa.com.pe\/wp-content\/uploads\/2024\/12\/Rectangle-5387-176x300.png 176w\" sizes=\"auto, (max-width: 448px) 100vw, 448px\" \/><\/figure>\n\n\n<div class=\"gb-container gb-container-32c77b69 ticss-1c7cc42a\">\n<div class=\"gb-container gb-container-b4537e5b zoom-Out-fade ticss-120bbc0c\">\n\n<p class=\"ticss-ac395a47 has-source-sans-3-font-family\" style=\"font-style:normal;font-weight:300\">BUILDING<\/p>\n\n\n\n<p class=\"ticss-68a470e2 has-sloop-font-family\">circular relationships <\/p>\n\n<\/div>\n\n<div class=\"gb-container gb-container-4c0e5d4b zoom-Out-fade\">\n\n<p class=\"ticss-282c9fd5 has-source-sans-3-font-family\" style=\"font-style:normal;font-weight:300\">BASED ON RECIPROCITY <\/p>\n\n<\/div>\n\n<div class=\"gb-container gb-container-d5b51345 zoom-Out-fade ticss-c5b3f03a\">\n\n<span class=\"gb-button gb-button-4b0f5155 gb-button-text ticss-e4bbb48c contain-video hover-transition\">WATCH VIDEO<\/span>\n\n<\/div>\n<\/div>\n<\/div>\n<\/div>\n<\/div>\n\n<div class=\"gb-container gb-container-b3e19409 alignwide\">\n<div class=\"gb-container gb-container-8a50da19 ticss-1f8a50da\">\n<div class=\"gb-container gb-container-65fb0ff9 ticss-a465fb0f\">\n<div class=\"gb-container gb-container-89a5db73\">\n\n<p class=\"has-text-align-center ticss-81f6ca25 contain-proceso has-sloop-font-family\">Processes<\/p>\n\n<\/div>\n\n<div class=\"gb-container gb-container-a9095b41 ticss-86fd0991\">\n\n<p class=\"ticss-0949383f contain-proceso has-source-sans-3-font-family\" style=\"font-style:normal;font-weight:400;line-height:1.1\"><br>LA TRAZABILIDAD EST\u00c1 EN EL CENTRO DE NUESTRA CADENA DE PRODUCCI\u00d3N DESDE EL ACOPIO DE LA FIBRA DE ALPACA HASTA LA ENTREGA FINAL DEL PRODUCTO TOP.<\/p>\n\n\n\n<a class=\"gb-button gb-button-7c9c89d4 gb-button-text ticss-9d7c9c89 contain-proceso hover-transition\" href=\"https:\/\/clamasa.com.pe\/en\/procesos\/\">See more<\/a>\n\n<\/div>\n<\/div>\n\n<div class=\"gb-container gb-container-01f24944 ticss-d1d7af59 list-procesos\">\n<div class=\"gb-container gb-container-5f92aa6d contain-proceso ticss-7dbe228e contain-proceso-boxes\">\n\n<p class=\"ticss-b59138f8 primary-proceso has-contrast-color has-text-color has-link-color has-source-sans-3-font-family wp-elements-a8d56cd363b9ffd8ef3e15f90ec62429\" style=\"font-style:normal;font-weight:300\">COLLECTION<\/p>\n\n\n\n<p class=\"ticss-532a23d1 second-proceso has-contrast-color has-text-color has-link-color has-sloop-font-family wp-elements-564c652e886675aa7677e4e36d8fd524\" style=\"font-style:normal;font-weight:400\">Collection<\/p>\n\n<\/div>\n\n<div class=\"gb-container gb-container-4a811fdd ticss-2d5e9094 contain-proceso contain-proceso-boxes\">\n\n<p class=\"ticss-6af73efc primary-proceso has-source-sans-3-font-family\" style=\"font-style:normal;font-weight:300\">SORTING<\/p>\n\n\n\n<p class=\"ticss-f85a9c8d second-proceso has-contrast-color has-text-color has-link-color has-sloop-font-family wp-elements-d388391f5f36825454aa02fe8adb716a\" style=\"font-style:normal;font-weight:400\">Sorting<\/p>\n\n<\/div>\n\n<div class=\"gb-container gb-container-79722f1e ticss-71d6d241 contain-proceso contain-proceso-boxes\">\n\n<p class=\"ticss-375da8d1 primary-proceso has-contrast-color has-text-color has-link-color has-source-sans-3-font-family wp-elements-60e55ad2eea98e95700d46f844e4aa55\" style=\"font-style:normal;font-weight:300\">WASHING<\/p>\n\n\n\n<p class=\"ticss-e47ffa39 second-proceso has-contrast-color has-text-color has-link-color has-sloop-font-family wp-elements-8dc0ac2debe0c1e34559454da94af469\" style=\"font-style:normal;font-weight:400\">Washing<\/p>\n\n<\/div>\n\n<div class=\"gb-container gb-container-df9f9437 ticss-d25b962f contain-proceso contain-proceso-boxes\">\n\n<p class=\"ticss-fbfffdc6 primary-proceso has-contrast-color has-text-color has-link-color has-source-sans-3-font-family wp-elements-a58a3c81637f959ca5061186d22a8362\" style=\"font-style:normal;font-weight:300\">COMBING<\/p>\n\n\n\n<p class=\"ticss-755bdae0 second-proceso has-contrast-color has-text-color has-link-color has-sloop-font-family wp-elements-624e620ac956e07e688094222b1288c6\" style=\"font-style:normal;font-weight:400\">Combing<\/p>\n\n<\/div>\n<\/div>\n<\/div>\n<\/div>\n\n<div class=\"gb-container gb-container-b3679543 popup-video\">\n<div class=\"gb-container gb-container-f037ff4d ticss-44aa1a9b\">\n<div class=\"gb-container gb-container-af9599a9 close-video\">\n\n<div id=\"wp-block-themeisle-blocks-font-awesome-icons-8cc1615e\" class=\"wp-block-themeisle-blocks-font-awesome-icons\"><span class=\"wp-block-themeisle-blocks-font-awesome-icons-container\"><i class=\"far fa-window-close\"><\/i><\/span><\/div>\n\n<\/div>\n\n\n<figure class=\"wp-block-embed is-type-video is-provider-youtube wp-block-embed-youtube wp-embed-aspect-16-9 wp-has-aspect-ratio\"><div class=\"wp-block-embed__wrapper\">\n<iframe loading=\"lazy\" title=\"CLAMASA - VIDEO INSTITUCIONAL\" width=\"500\" height=\"281\" src=\"https:\/\/www.youtube.com\/embed\/TSsRhUs4uxA?feature=oembed\" frameborder=\"0\" allow=\"accelerometer; autoplay; clipboard-write; encrypted-media; gyroscope; picture-in-picture; web-share\" referrerpolicy=\"strict-origin-when-cross-origin\" allowfullscreen><\/iframe>\n<\/div><\/figure>\n\n<\/div>\n<\/div>\n\n<div class=\"gb-container gb-container-f90bcb9c alignwide\">\n<div class=\"gb-container gb-container-1ad43fc6 ticss-e01ad43f alignwide\">\n<div class=\"gb-container gb-container-fb758999 ticss-1afb7589\">\n<div class=\"gb-container gb-container-8cc249e6 ticss-170f1a53  contain-proceso\">\n<div class=\"gb-container gb-container-1bc07527 ticss-6e882147\">\n\n<p class=\"has-text-align-center ticss-84b09bab has-sloop-font-family\">Sustainability<\/p>\n\n<\/div>\n\n<div class=\"gb-container gb-container-60be5d5a ticss-aa1bc\">\n\n<p class=\"ticss-fd525df3 has-source-sans-3-font-family\" style=\"line-height:1.1\">We have created, together with different communities, a circular and sustainable economy, whose mission is to preserve the essence of alpaca fibre.<\/p>\n\n<\/div>\n\n\n<span class=\"gb-button gb-button-09fd7df2 gb-button-text ticss-3309fd7d hover-transition  contain-proceso\">Learn more<\/span>\n\n<\/div>\n\n\n<figure class=\"gb-block-image gb-block-image-2833b94b\"><img loading=\"lazy\" decoding=\"async\" width=\"715\" height=\"700\" class=\"gb-image gb-image-2833b94b ticss-db19effc contain-proceso\" src=\"https:\/\/clamasa.com.pe\/wp-content\/uploads\/2024\/11\/Rectangle-5390.png\" alt=\"\" title=\"Rectangle 5390\"\/><\/figure>\n\n<\/div>\n\n<div class=\"gb-container gb-container-f6358a00 ticss-b6f6358a\">\n<div class=\"gb-container gb-container-a1899f78 ticss-170f1a53  contain-proceso\">\n<div class=\"gb-container gb-container-3374c840 ticss-6e882147\">\n\n<p class=\"has-text-align-center ticss-a931680f has-sloop-font-family\">About us<\/p>\n\n<\/div>\n\n<div class=\"gb-container gb-container-d1542a76 ticss-aa1bc\">\n\n<p class=\"ticss-fd525df3 has-source-sans-3-font-family\" style=\"line-height:1.1\">Fundada en 1967, somos una empresa familiar que trabaja en la comercializaci\u00f3n y procesamiento de fibra de alpaca, con el fin de posicionarla en los mejores mercados del mundo.<\/p>\n\n<\/div>\n\n\n<a class=\"gb-button gb-button-31b622d6 gb-button-text ticss-9f31b622 hover-transition contain-proceso\" href=\"https:\/\/clamasa.com.pe\/en\/nosotros\/\">Learn more<\/a>\n\n<\/div>\n\n\n<figure class=\"gb-block-image gb-block-image-8ed7f585\"><img loading=\"lazy\" decoding=\"async\" width=\"715\" height=\"700\" class=\"gb-image gb-image-8ed7f585 ticss-218ed7f5 contain-proceso\" src=\"https:\/\/clamasa.com.pe\/wp-content\/uploads\/2024\/11\/Rectangle-5374.png\" alt=\"\" title=\"Rectangle 5374\"\/><\/figure>\n\n<\/div>\n<\/div>\n<\/div>\n\n<div class=\"gb-container gb-container-2241798c alignwide\">\n<div class=\"gb-container gb-container-2bb685cc ticss-892bb685\">\n<div class=\"gb-container gb-container-34e02797 ticss-5f34e027\">\n<div class=\"gb-container gb-container-510d91ef\"><\/div>\n\n\n<p class=\"has-text-align-center ticss-1402336d has-source-sans-3-font-family\" style=\"font-style:normal;font-weight:300\">WE ARE PART OF:<\/p>\n\n\n<div class=\"gb-container gb-container-cca03df7\">\n\n<figure class=\"gb-block-image gb-block-image-77ab7af3\"><img loading=\"lazy\" decoding=\"async\" width=\"342\" height=\"82\" class=\"gb-image gb-image-77ab7af3 ticss-429e0ac3\" src=\"https:\/\/clamasa.com.pe\/wp-content\/uploads\/2024\/11\/Frame-41796.png\" alt=\"\" title=\"Frame 41796\"\/>\n<figcaption class=\"gb-headline gb-headline-8655d5e7 gb-headline-text\"><\/figcaption>\n<\/figure>\n\n<\/div>\n<\/div>\n<\/div>\n<\/div>","protected":false},"excerpt":{"rendered":"<p>CONSTRUYENDO relaciones circulares EN BASE A LA RECIPROCIDAD Procesos LA TRAZABILIDAD EST\u00c1 EN EL CENTRO DE NUESTRA CADENA DE PRODUCCI\u00d3N DESDE EL ACOPIO DE LA FIBRA DE ALPACA HASTA LA ENTREGA FINAL DEL PRODUCTO TOP. ACOPIO Acopio CLASIFICACI\u00d3N Clasificaci\u00f3n LAVADO Lavado PEINADO Peinado Sostenibilidad Hemos creado, junto a diferentes comunidades, una econom\u00eda circular y sostenible, [&hellip;]<\/p>","protected":false},"author":1,"featured_media":0,"parent":0,"menu_order":0,"comment_status":"closed","ping_status":"open","template":"","meta":{"_themeisle_gutenberg_block_has_review":false,"footnotes":""},"class_list":["post-2","page","type-page","status-publish","hentry"],"_links":{"self":[{"href":"https:\/\/clamasa.com.pe\/en\/wp-json\/wp\/v2\/pages\/2","targetHints":{"allow":["GET"]}}],"collection":[{"href":"https:\/\/clamasa.com.pe\/en\/wp-json\/wp\/v2\/pages"}],"about":[{"href":"https:\/\/clamasa.com.pe\/en\/wp-json\/wp\/v2\/types\/page"}],"author":[{"embeddable":true,"href":"https:\/\/clamasa.com.pe\/en\/wp-json\/wp\/v2\/users\/1"}],"replies":[{"embeddable":true,"href":"https:\/\/clamasa.com.pe\/en\/wp-json\/wp\/v2\/comments?post=2"}],"version-history":[{"count":685,"href":"https:\/\/clamasa.com.pe\/en\/wp-json\/wp\/v2\/pages\/2\/revisions"}],"predecessor-version":[{"id":1959,"href":"https:\/\/clamasa.com.pe\/en\/wp-json\/wp\/v2\/pages\/2\/revisions\/1959"}],"wp:attachment":[{"href":"https:\/\/clamasa.com.pe\/en\/wp-json\/wp\/v2\/media?parent=2"}],"curies":[{"name":"wp","href":"https:\/\/api.w.org\/{rel}","templated":true}]}}